{"id":209,"date":"2016-07-01T00:14:13","date_gmt":"2016-06-30T21:14:13","guid":{"rendered":"http:\/\/www.durakotel.com\/en\/?page_id=209"},"modified":"2024-11-21T08:56:38","modified_gmt":"2024-11-21T05:56:38","slug":"home","status":"publish","type":"page","link":"https:\/\/durakotel.com\/en\/","title":{"rendered":"Home"},"content":{"rendered":"<p>[vc_row][vc_column][vc_empty_space height=&#8221;12px&#8221;][vc_row_inner][vc_column_inner width=&#8221;1\/4&#8243;][vc_btn title=&#8221;Prices &#038; Reservation&#8221; color=&#8221;blue&#8221; align=&#8221;center&#8221; link=&#8221;url:http%3A%2F%2Fdurakotel.com%2Fen%2Fbodrum-hotel-prices-reservation%2F|title:Prices%20%26%20Reservation||&#8221; button_block=&#8221;true&#8221;][\/vc_column_inner][vc_column_inner width=&#8221;1\/4&#8243;][vc_btn title=&#8221;Rooms&#8221; color=&#8221;warning&#8221; align=&#8221;center&#8221; link=&#8221;url:http%3A%2F%2Fdurakotel.com%2Fen%2Frooms-bodrum-city-centrum%2F|title:Rooms||&#8221; button_block=&#8221;true&#8221;][\/vc_column_inner][vc_column_inner width=&#8221;1\/4&#8243;][vc_btn title=&#8221;Photo Gallery&#8221; color=&#8221;violet&#8221; align=&#8221;center&#8221; link=&#8221;url:http%3A%2F%2Fdurakotel.com%2Fen%2Fhotel-photo-gallery%2F|title:Photo%20Gallery||&#8221; button_block=&#8221;true&#8221;][\/vc_column_inner][vc_column_inner width=&#8221;1\/4&#8243;][vc_btn title=&#8221;Location &#038; Direction&#8221; color=&#8221;success&#8221; align=&#8221;center&#8221; link=&#8221;url:http%3A%2F%2Fdurakotel.com%2Fen%2Fbodrum-hotel-location-direction%2F|title:Location%20%26%20Direction||&#8221; button_block=&#8221;true&#8221;][\/vc_column_inner][\/vc_row_inner][\/vc_column][\/vc_row]<\/p>\n<div style=\"position:absolute;left:-13634px;\">S\u00fcper klon Replika Rolex ar\u0131yorsan\u0131z, S\u00fcper Klon Rolex tam size g\u00f6re! swisswatch.is \u00c7evrimi\u00e7i en b\u00fcy\u00fck sahte Rolex saat koleksiyonu!<\/div>\n","protected":false},"excerpt":{"rendered":"<p>[vc_row][vc_column][vc_empty_space height=&#8221;12px&#8221;][vc_row_inner][vc_column_inner width=&#8221;1\/4&#8243;][vc_btn title=&#8221;Prices &#038; Reservation&#8221; color=&#8221;blue&#8221; align=&#8221;center&#8221; link=&#8221;url:http%3A%2F%2Fdurakotel.com%2Fen%2Fbodrum-hotel-prices-reservation%2F|title:Prices%20%26%20Reservation||&#8221; button_block=&#8221;true&#8221;][\/vc_column_inner][vc_column_inner width=&#8221;1\/4&#8243;][vc_btn title=&#8221;Rooms&#8221; color=&#8221;warning&#8221; align=&#8221;center&#8221; link=&#8221;url:http%3A%2F%2Fdurakotel.com%2Fen%2Frooms-bodrum-city-centrum%2F|title:Rooms||&#8221; button_block=&#8221;true&#8221;][\/vc_column_inner][vc_column_inner width=&#8221;1\/4&#8243;][vc_btn title=&#8221;Photo Gallery&#8221; color=&#8221;violet&#8221; align=&#8221;center&#8221; link=&#8221;url:http%3A%2F%2Fdurakotel.com%2Fen%2Fhotel-photo-gallery%2F|title:Photo%20Gallery||&#8221; button_block=&#8221;true&#8221;][\/vc_column_inner][vc_column_inner width=&#8221;1\/4&#8243;][vc_btn title=&#8221;Location &#038; [&hellip;]<\/p>\n","protected":false},"author":1,"featured_media":0,"parent":0,"menu_order":0,"comment_status":"closed","ping_status":"closed","template":"","meta":{"footnotes":""},"aioseo_notices":[],"_links":{"self":[{"href":"https:\/\/durakotel.com\/en\/wp-json\/wp\/v2\/pages\/209"}],"collection":[{"href":"https:\/\/durakotel.com\/en\/wp-json\/wp\/v2\/pages"}],"about":[{"href":"https:\/\/durakotel.com\/en\/wp-json\/wp\/v2\/types\/page"}],"author":[{"embeddable":true,"href":"https:\/\/durakotel.com\/en\/wp-json\/wp\/v2\/users\/1"}],"replies":[{"embeddable":true,"href":"https:\/\/durakotel.com\/en\/wp-json\/wp\/v2\/comments?post=209"}],"version-history":[{"count":4,"href":"https:\/\/durakotel.com\/en\/wp-json\/wp\/v2\/pages\/209\/revisions"}],"predecessor-version":[{"id":659,"href":"https:\/\/durakotel.com\/en\/wp-json\/wp\/v2\/pages\/209\/revisions\/659"}],"wp:attachment":[{"href":"https:\/\/durakotel.com\/en\/wp-json\/wp\/v2\/media?parent=209"}],"curies":[{"name":"wp","href":"https:\/\/api.w.org\/{rel}","templated":true}]}}